{"id":265,"date":"2026-01-25T12:29:18","date_gmt":"2026-01-25T11:29:18","guid":{"rendered":"https:\/\/stage.bucle.cat\/?post_type=product&#038;p=265"},"modified":"2026-01-25T13:11:19","modified_gmt":"2026-01-25T12:11:19","slug":"butaca-modular-ii","status":"publish","type":"product","link":"https:\/\/stage.bucle.cat\/ca\/producte\/butaca-modular-ii\/","title":{"rendered":"Butaca Modular II"},"content":{"rendered":"","protected":false},"excerpt":{"rendered":"<p>Butaca modular entapissada en teixit beix de textura suau, amb disseny net i l\u00ednies rectes que aporten una est\u00e8tica elegant i vers\u00e0til. Sistema modular que permet m\u00faltiples combinacions i configuracions, ideal per adaptar-se a diferents espais i formats. Perfecta per a grans esdeveniments, zones lounge, escenografies o muntatges personalitzats.<\/p>\n","protected":false},"featured_media":274,"template":"","meta":{"_acf_changed":false},"product_brand":[],"product_cat":[39],"product_tag":[],"class_list":{"0":"post-265","1":"product","2":"type-product","3":"status-publish","4":"has-post-thumbnail","6":"product_cat-mobles","8":"first","9":"instock","10":"shipping-taxable","11":"product-type-simple"},"acf":[],"_links":{"self":[{"href":"https:\/\/stage.bucle.cat\/ca\/wp-json\/wp\/v2\/product\/265","targetHints":{"allow":["GET"]}}],"collection":[{"href":"https:\/\/stage.bucle.cat\/ca\/wp-json\/wp\/v2\/product"}],"about":[{"href":"https:\/\/stage.bucle.cat\/ca\/wp-json\/wp\/v2\/types\/product"}],"wp:featuredmedia":[{"embeddable":true,"href":"https:\/\/stage.bucle.cat\/ca\/wp-json\/wp\/v2\/media\/274"}],"wp:attachment":[{"href":"https:\/\/stage.bucle.cat\/ca\/wp-json\/wp\/v2\/media?parent=265"}],"wp:term":[{"taxonomy":"product_brand","embeddable":true,"href":"https:\/\/stage.bucle.cat\/ca\/wp-json\/wp\/v2\/product_brand?post=265"},{"taxonomy":"product_cat","embeddable":true,"href":"https:\/\/stage.bucle.cat\/ca\/wp-json\/wp\/v2\/product_cat?post=265"},{"taxonomy":"product_tag","embeddable":true,"href":"https:\/\/stage.bucle.cat\/ca\/wp-json\/wp\/v2\/product_tag?post=265"}],"curies":[{"name":"wp","href":"https:\/\/api.w.org\/{rel}","templated":true}]}}