{"id":201,"date":"2026-01-23T09:47:25","date_gmt":"2026-01-23T08:47:25","guid":{"rendered":"https:\/\/stage.bucle.cat\/?page_id=201"},"modified":"2026-01-25T20:46:42","modified_gmt":"2026-01-25T19:46:42","slug":"uneix-te-a-la-xarxa","status":"publish","type":"page","link":"https:\/\/stage.bucle.cat\/ca\/uneix-te-a-la-xarxa\/","title":{"rendered":"Uneix-te a la xarxa"},"content":{"rendered":"\n<h2 class=\"wp-block-heading\">Tens material que t\u2019agradaria posar en circulaci\u00f3?<\/h2>\n\n\n\n<p>Compromesos amb l\u2019aprofitament i rotaci\u00f3 de material ja existent, hem creat una xarxa circular a trav\u00e9s de la qual connectem diversos magatzems i els seus materials. Ens encarreguem de tot el proc\u00e9s perqu\u00e8 l\u2019experi\u00e8ncia sigui f\u00e0cil, eficient i cuidada:<\/p>\n\n\n\n<ul class=\"wp-block-list\">\n<li><strong>Seleccionem i fem la curadoria dels materials<\/strong>&nbsp;amb criteri est\u00e8tic i funcional, per oferir un cat\u00e0leg viu i rellevant.<\/li>\n\n\n\n<li><strong>Fotografiem i publiquem el material a la nostra plataforma<\/strong>, perqu\u00e8 llueixi tal com es mereix i arribi a qui el necessita.<\/li>\n\n\n\n<li><strong>Gestionem les comandes<\/strong>&nbsp;de forma \u00e0gil, amb atenci\u00f3 personalitzada i resposta r\u00e0pida.<\/li>\n\n\n\n<li><strong>Organitzem el transport i, si cal, el muntatge<\/strong>, perqu\u00e8 tot arribi a temps i en perfecte estat.<\/li>\n\n\n\n<li><strong>Revisi\u00f3 i manteniment dels materials<\/strong>&nbsp;a trav\u00e9s del nostre equip de manteniment<\/li>\n\n\n\n<li><strong>Emetem una facturaci\u00f3 clara i transparent<\/strong>, amb seguiment puntual de cada enc\u00e0rrec.<\/li>\n\n\n\n<li><strong>Fem liquidacions mensuals als prove\u00efdors<\/strong>, garantint un retorn just i puntual pels materials compartits.<\/li>\n<\/ul>\n\n\n\n<p><strong>Escriu-nos a&nbsp;<\/strong><a href=\"mailto:xarxa@bucle.cat\"><strong>hola@bucle.cat<\/strong><\/a><strong>&nbsp;i fem que torni a tenir valor.<\/strong><\/p>\n\n\n\n<p><\/p>\n\n\n\n<p><\/p>\n\n\n\n<p><\/p>\n\n\n\n<h1 class=\"wp-block-heading\">Sobre BUCLE<\/h1>\n\n\n\n<p><strong>Bucle<\/strong> concep el lloguer de mobiliari per a esdeveniments com una eina de disseny responsable. Desenvolupem projectes i muntatges ef\u00edmers per a tot tipus d\u2019esdeveniments \u2014des de fires i congressos fins a propostes corporatives, esportives o privades\u2014 seleccionant peces de qualitat a trav\u00e9s d\u2019un <strong>comissariat conscient de productes<\/strong> amb partners locals i producte de disseny propi. El nostre model prioritza la <strong>circulaci\u00f3, reutilitzaci\u00f3 i vida \u00fatil dels materials<\/strong>, reduint l\u2019impacte ambiental i apostant per una producci\u00f3 m\u00e9s sostenible i local. Operem <strong>exclusivament a Catalunya<\/strong>.<\/p>\n\n\n\n<h2 class=\"wp-block-heading\">Una nova manera d\u2019entendre i rotar materials per a esdeveniments i produccions.<\/h2>\n\n\n\n<p>Creiem en el que ja existeix.<br>En el funcional, el creatiu, el conscient.<br>En tancar el cercle i tornar a comen\u00e7ar.<\/p>\n\n\n\n<h2 class=\"wp-block-heading\">Qu\u00e8 ens trobem en el dia a dia?<\/h2>\n\n\n\n<ul class=\"wp-block-list\">\n<li>Multitud de magatzems plens de materials de qualitat als quals no es dona sortida<\/li>\n\n\n\n<li>Construcci\u00f3 innecess\u00e0ria i compra sistem\u00e0tica de materials als quals es dona un sol \u00fas<\/li>\n\n\n\n<li>Materials que s\u2019erosionen pel des\u00fas i la poca cura perqu\u00e8 no se\u2019ls dona valor<\/li>\n\n\n\n<li>Professionals que no troben el que necessiten en els prove\u00efdors tradicionals<\/li>\n<\/ul>\n\n\n\n<h2 class=\"wp-block-heading\">Qu\u00e8 fa BUCLE?<\/h2>\n\n\n\n<ul class=\"wp-block-list\">\n<li>Convertim els materials en des\u00fas en recurs<\/li>\n\n\n\n<li>Instaurem un \u00fas responsable dels materials, amb consci\u00e8ncia ecol\u00f2gica<\/li>\n\n\n\n<li>Busquem peces \u00faniques entre diferents magatzems i les posem a l\u2019abast de tothom<\/li>\n\n\n\n<li>Entenem que all\u00f2 sostenible no est\u00e0 renyit amb all\u00f2 est\u00e8tic i de qualitat<\/li>\n<\/ul>\n\n\n\n<p>Tu tries. Nosaltres ens assegurem que tot torni a circular.<\/p>\n\n\n\n<p><\/p>\n","protected":false},"excerpt":{"rendered":"<p>Tens material que t\u2019agradaria posar en circulaci\u00f3? Compromesos amb l\u2019aprofitament i rotaci\u00f3 de material ja existent, hem creat una xarxa circular a trav\u00e9s de la qual connectem diversos magatzems i els seus materials. Ens encarreguem de tot el proc\u00e9s perqu\u00e8 l\u2019experi\u00e8ncia sigui f\u00e0cil, eficient i cuidada: Escriu-nos a&nbsp;hola@bucle.cat&nbsp;i fem que torni a tenir valor. Sobre<a href=\"https:\/\/stage.bucle.cat\/ca\/uneix-te-a-la-xarxa\/\">Continue reading <span class=\"sr-only\">&#8220;Uneix-te a la xarxa&#8221;<\/span><\/a><\/p>\n","protected":false},"author":2,"featured_media":0,"parent":0,"menu_order":0,"comment_status":"closed","ping_status":"closed","template":"","meta":{"_acf_changed":false,"footnotes":""},"class_list":["post-201","page","type-page","status-publish","hentry"],"acf":[],"_links":{"self":[{"href":"https:\/\/stage.bucle.cat\/ca\/wp-json\/wp\/v2\/pages\/201","targetHints":{"allow":["GET"]}}],"collection":[{"href":"https:\/\/stage.bucle.cat\/ca\/wp-json\/wp\/v2\/pages"}],"about":[{"href":"https:\/\/stage.bucle.cat\/ca\/wp-json\/wp\/v2\/types\/page"}],"author":[{"embeddable":true,"href":"https:\/\/stage.bucle.cat\/ca\/wp-json\/wp\/v2\/users\/2"}],"replies":[{"embeddable":true,"href":"https:\/\/stage.bucle.cat\/ca\/wp-json\/wp\/v2\/comments?post=201"}],"version-history":[{"count":4,"href":"https:\/\/stage.bucle.cat\/ca\/wp-json\/wp\/v2\/pages\/201\/revisions"}],"predecessor-version":[{"id":293,"href":"https:\/\/stage.bucle.cat\/ca\/wp-json\/wp\/v2\/pages\/201\/revisions\/293"}],"wp:attachment":[{"href":"https:\/\/stage.bucle.cat\/ca\/wp-json\/wp\/v2\/media?parent=201"}],"curies":[{"name":"wp","href":"https:\/\/api.w.org\/{rel}","templated":true}]}}