{"id":126,"date":"2026-01-13T17:34:40","date_gmt":"2026-01-13T16:34:40","guid":{"rendered":"https:\/\/stage.bucle.cat\/?page_id=126"},"modified":"2026-01-25T20:08:04","modified_gmt":"2026-01-25T19:08:04","slug":"pagina-principal","status":"publish","type":"page","link":"https:\/\/stage.bucle.cat\/ca\/","title":{"rendered":"P\u00e0gina principal"},"content":{"rendered":"<div id=\"front-page-intro-block_6d52a5e9bdd83e2530160904ed188feb\" class=\"front-page-intro\">\n\t<div class=\"front-page-intro-content\">\n\t\t<h1>Reunim, Reparem,<br \/>\nRotem, Reutilitzem.<br \/>\n<strong>Repetim.<\/strong><\/h1>\n<p><strong data-start=\"86\" data-end=\"95\">Bucle<\/strong> concep el lloguer de mobiliari per a esdeveniments com una eina de disseny responsable. Desenvolupem projectes i muntatges ef\u00edmers per a tot tipus d\u2019esdeveniments \u2014des de fires i congressos fins a propostes corporatives, esportives o privades\u2014 seleccionant peces de qualitat a trav\u00e9s d\u2019un <strong data-start=\"385\" data-end=\"423\">comissariat conscient de productes<\/strong>. El nostre model prioritza la <strong data-start=\"454\" data-end=\"510\" data-is-only-node=\"\">circulaci\u00f3, reutilitzaci\u00f3 i vida \u00fatil dels materials<\/strong>, reduint l\u2019impacte ambiental i apostant per una producci\u00f3 sostenible i local.<\/p>\n\t<\/div>\n\t<div><\/div>\n<\/div>\n\n\n<div id=\"front-page-products-block_1a43fb065a185843a25b784c038c8a37\" class=\"front-page-products\">\n\n\t\t\t\t<div class=\"grid-column\">\n\t\t\t\t\t\t\t\t\t\t\t\t\t<a href=\"https:\/\/stage.bucle.cat\/ca\/producte\/gos-galgo\/\" class=\"product-item\">\n\t\t\t\t\t\t\t<img decoding=\"async\" src=\"https:\/\/stage.bucle.cat\/wp-content\/uploads\/2026\/01\/2025_BUCLE_LHPP_A_01-300x300.jpg\" alt=\"Gos galgo\" \/>\n\t\t\t\t\t\t\t<h3>Gos galgo<\/h3>\n\t\t\t\t\t\t\t<p>Decoraci\u00f3<\/p>\n\t\t\t\t\t\t<\/a>\n\t\t\t\t\t\t\t\t\t\t\t\t\t\t\t<a href=\"https:\/\/stage.bucle.cat\/ca\/producte\/butaca-crema\/\" class=\"product-item\">\n\t\t\t\t\t\t\t<img decoding=\"async\" src=\"https:\/\/stage.bucle.cat\/wp-content\/uploads\/2026\/01\/2025_BUCLE_LHPP_B_02-1-300x300.jpg\" alt=\"Butaca crema\" \/>\n\t\t\t\t\t\t\t<h3>Butaca crema<\/h3>\n\t\t\t\t\t\t\t<p>Mobles<\/p>\n\t\t\t\t\t\t<\/a>\n\t\t\t\t\t\t\t\t\t\t\t\t\n\t<!--\t\t\t\t\t\t<a href=\"\" class=\"category-link\">\n\t\t\t\t\tveure  &rarr;\n\t\t\t\t<\/a>\n\t\t\t-->\t\t<\/div>\n\t\t\t<div class=\"grid-column\">\n\t\t\t\t\t\t\t\t\t\t\t\t\t<a href=\"https:\/\/stage.bucle.cat\/ca\/producte\/butaca-modular-1\/\" class=\"product-item\">\n\t\t\t\t\t\t\t<img decoding=\"async\" src=\"https:\/\/stage.bucle.cat\/wp-content\/uploads\/2026\/01\/2025_BUCLE_LHPP_E_02-300x300.jpg\" alt=\"Butaca Modular I\" \/>\n\t\t\t\t\t\t\t<h3>Butaca Modular I<\/h3>\n\t\t\t\t\t\t\t<p>Mobles<\/p>\n\t\t\t\t\t\t<\/a>\n\t\t\t\t\t\t\t\t\t\t\t\t\t\t\t<a href=\"https:\/\/stage.bucle.cat\/ca\/producte\/moto-vintage\/\" class=\"product-item\">\n\t\t\t\t\t\t\t<img decoding=\"async\" src=\"https:\/\/stage.bucle.cat\/wp-content\/uploads\/2026\/01\/Copia-de-2025_BUCLE_LHPP_Q_01-scaled-e1769337271410-300x300.jpg\" alt=\"Moto Vintage\" \/>\n\t\t\t\t\t\t\t<h3>Moto Vintage<\/h3>\n\t\t\t\t\t\t\t<p>Decoraci\u00f3<\/p>\n\t\t\t\t\t\t<\/a>\n\t\t\t\t\t\t\t\t\t\t\t\t\n\t<!--\t\t\t\t\t\t<a href=\"\" class=\"category-link\">\n\t\t\t\t\tveure  &rarr;\n\t\t\t\t<\/a>\n\t\t\t-->\t\t<\/div>\n\t\t\t<div class=\"grid-column\">\n\t\t\t\t\t\t\t\t\t\t\t\t\t<a href=\"https:\/\/stage.bucle.cat\/ca\/producte\/butaca-granate\/\" class=\"product-item\">\n\t\t\t\t\t\t\t<img decoding=\"async\" src=\"https:\/\/stage.bucle.cat\/wp-content\/uploads\/2026\/01\/2025_BUCLE_LHPP_C_01-300x300.jpg\" alt=\"Butaca granate\" \/>\n\t\t\t\t\t\t\t<h3>Butaca granate<\/h3>\n\t\t\t\t\t\t\t<p>Mobles<\/p>\n\t\t\t\t\t\t<\/a>\n\t\t\t\t\t\t\t\t\t\t\t\t\t\t\t<a href=\"https:\/\/stage.bucle.cat\/ca\/producte\/butaca-modular-1\/\" class=\"product-item\">\n\t\t\t\t\t\t\t<img decoding=\"async\" src=\"https:\/\/stage.bucle.cat\/wp-content\/uploads\/2026\/01\/2025_BUCLE_LHPP_E_02-300x300.jpg\" alt=\"Butaca Modular I\" \/>\n\t\t\t\t\t\t\t<h3>Butaca Modular I<\/h3>\n\t\t\t\t\t\t\t<p>Mobles<\/p>\n\t\t\t\t\t\t<\/a>\n\t\t\t\t\t\t\t\t\t\t\t\t\n\t<!--\t\t\t\t\t\t<a href=\"\" class=\"category-link\">\n\t\t\t\t\tveure  &rarr;\n\t\t\t\t<\/a>\n\t\t\t-->\t\t<\/div>\n\t\n\t\t<div class=\"grid-column\">\n\t\t\t\t\t<a href=\"https:\/\/stage.bucle.cat\/ca\/producte\/butaca-modular-ii\/\" class=\"product-item\">\n\t\t\t\t<img decoding=\"async\" src=\"https:\/\/stage.bucle.cat\/wp-content\/uploads\/2026\/01\/2025_BUCLE_LHPP_M_03-300x300.jpg\" alt=\"Butaca Modular II\" \/>\n\t\t\t\t<h3>Butaca Modular II<\/h3>\n\t\t\t\t<p>Mobles<\/p>\n\t\t\t<\/a>\n\t\t\t\t\t\t\t<a href=\"https:\/\/stage.bucle.cat\/ca\/botiga\/\"\n\t\t\t   target=\"_self\"\n\t\t\t   class=\"catalog-link-large\">\n\t\t\t\tveure tot el cat\u00e0leg <span>&rarr;<\/span>\n\t\t\t<\/a>\n\t\t\n\t<!--\t\t\t\t<a href=\"\" class=\"category-link\">\n\t\t\t\tveure  &rarr;\n\t\t\t<\/a>\n\t\t-->\t<\/div>\n<\/div>\n\n\n<div id=\"front-page-join-the-network-block_20e1909fb45150a742622f88fdad1ccb\" class=\"front-join-the-network\">\n            <h2 class=\"front-join-the-network__heading\">Tens material?<\/h2>\n    \n    \t\t<div class=\"front-join-the-network__body\"><p style=\"text-align: center\">Compromesos amb l\u2019aprofitament i la rotaci\u00f3 de material ja existent, hem creat una xarxa a trav\u00e9s de la qual connectem diversos magatzems i els seus materials amb esdeveniments i produccions que ho necessitin. Uneix-te a la xarxa i bucle s\u2019encarrega de la resta.<\/p>\n<\/div>\n    \n            <div class=\"front-join-the-network__columns\">\n                            <div class=\"front-join-the-network__column\">\n                                            <div class=\"front-join-the-network__icon\">\n                            <img loading=\"lazy\" decoding=\"async\" width=\"300\" height=\"290\" src=\"https:\/\/stage.bucle.cat\/wp-content\/uploads\/2026\/01\/slice0-300x290.png\" class=\"attachment-medium size-medium\" alt=\"\" srcset=\"https:\/\/stage.bucle.cat\/wp-content\/uploads\/2026\/01\/slice0-300x290.png 300w, https:\/\/stage.bucle.cat\/wp-content\/uploads\/2026\/01\/slice0.png 410w\" sizes=\"auto, (max-width: 300px) 100vw, 300px\" \/>                        <\/div>\n                    \n                                            <h3 class=\"front-join-the-network__title\">SELECCI\u00d3<\/h3>\n                    \n                                            <p class=\"front-join-the-network__description\">Seleccionem i fem la curadoria de les peces amb criteri est\u00e8tic i funcional, per oferir un cat\u00e0leg viu i rellevant.<\/p>\n                                    <\/div>\n                            <div class=\"front-join-the-network__column\">\n                                            <div class=\"front-join-the-network__icon\">\n                            <img loading=\"lazy\" decoding=\"async\" width=\"300\" height=\"262\" src=\"https:\/\/stage.bucle.cat\/wp-content\/uploads\/2026\/01\/slice1-300x262.png\" class=\"attachment-medium size-medium\" alt=\"\" srcset=\"https:\/\/stage.bucle.cat\/wp-content\/uploads\/2026\/01\/slice1-300x262.png 300w, https:\/\/stage.bucle.cat\/wp-content\/uploads\/2026\/01\/slice1.png 453w\" sizes=\"auto, (max-width: 300px) 100vw, 300px\" \/>                        <\/div>\n                    \n                                            <h3 class=\"front-join-the-network__title\">FOTOGRAFIA<\/h3>\n                    \n                                            <p class=\"front-join-the-network__description\">Fotografiem i publiquem el material a la nostra plataforma, perqu\u00e8 llueixi tal com es mereix i arribi a qui el necessita.<\/p>\n                                    <\/div>\n                            <div class=\"front-join-the-network__column\">\n                                            <div class=\"front-join-the-network__icon\">\n                            <img loading=\"lazy\" decoding=\"async\" width=\"264\" height=\"300\" src=\"https:\/\/stage.bucle.cat\/wp-content\/uploads\/2026\/01\/slice2-264x300.png\" class=\"attachment-medium size-medium\" alt=\"\" srcset=\"https:\/\/stage.bucle.cat\/wp-content\/uploads\/2026\/01\/slice2-264x300.png 264w, https:\/\/stage.bucle.cat\/wp-content\/uploads\/2026\/01\/slice2.png 348w\" sizes=\"auto, (max-width: 264px) 100vw, 264px\" \/>                        <\/div>\n                    \n                                            <h3 class=\"front-join-the-network__title\">EMMAGATZEMATGE<\/h3>\n                    \n                                            <p class=\"front-join-the-network__description\">Oferim espai d\u2019emmagatzematge pel material que necessitis. Nosaltres ens fem c\u00e0rrec d\u2019organitzar-lo i de gestionar-lo.<\/p>\n                                    <\/div>\n                            <div class=\"front-join-the-network__column\">\n                                            <div class=\"front-join-the-network__icon\">\n                            <img loading=\"lazy\" decoding=\"async\" width=\"300\" height=\"290\" src=\"https:\/\/stage.bucle.cat\/wp-content\/uploads\/2026\/01\/slice3-300x290.png\" class=\"attachment-medium size-medium\" alt=\"\" srcset=\"https:\/\/stage.bucle.cat\/wp-content\/uploads\/2026\/01\/slice3-300x290.png 300w, https:\/\/stage.bucle.cat\/wp-content\/uploads\/2026\/01\/slice3.png 410w\" sizes=\"auto, (max-width: 300px) 100vw, 300px\" \/>                        <\/div>\n                    \n                                            <h3 class=\"front-join-the-network__title\">MANTENIMENT<\/h3>\n                    \n                                            <p class=\"front-join-the-network__description\">Ens encarreguem de mantenir tot el material del nostre cat\u00e0leg en la millor forma, perqu\u00e8 estigui sempre a punt per circular.<\/p>\n                                    <\/div>\n                            <div class=\"front-join-the-network__column\">\n                                            <div class=\"front-join-the-network__icon\">\n                            <img loading=\"lazy\" decoding=\"async\" width=\"300\" height=\"296\" src=\"https:\/\/stage.bucle.cat\/wp-content\/uploads\/2026\/01\/slice4-300x296.png\" class=\"attachment-medium size-medium\" alt=\"\" srcset=\"https:\/\/stage.bucle.cat\/wp-content\/uploads\/2026\/01\/slice4-300x296.png 300w, https:\/\/stage.bucle.cat\/wp-content\/uploads\/2026\/01\/slice4-100x100.png 100w, https:\/\/stage.bucle.cat\/wp-content\/uploads\/2026\/01\/slice4.png 402w\" sizes=\"auto, (max-width: 300px) 100vw, 300px\" \/>                        <\/div>\n                    \n                                            <h3 class=\"front-join-the-network__title\">CIRCULACI\u00d3<\/h3>\n                    \n                                            <p class=\"front-join-the-network__description\">Gestionem les comandes, organitzant el transport i el muntatge, perqu\u00e8 tot arribi a temps i en perfecte estat. <\/p>\n                                    <\/div>\n                    <\/div>\n    \n            <div class=\"front-join-the-network__cta\">\n            <a class=\"front-join-the-network__button\" href=\"#\">uneix-te a la xarxa \u2192<\/a>\n        <\/div>\n    <\/div>\n\n\n<div id=\"partner-showcase-block_2bf4d59550264df440eb233b36f69c63\" class=\"partner-showcase\">\n\t<div class=\"partner-showcase__container\">\n\t\t<!-- Left Side -->\n\t\t<div class=\"partner-showcase__left\">\n\t\t\t\t\t\t\t<h2 class=\"partner-showcase__heading\">Ja formen part de la xarxa&#8230;<\/h2>\n\t\t\t\n\t\t\t<div class=\"partner-showcase__details\">\n\t\t\t\t\t\t\t\t\t<div class=\"partner-showcase__detail\" data-partner=\"0\" style=\"\">\n\t\t\t\t\t\t\t\t\t\t\t\t\t<div class=\"partner-showcase__logo\">\n\t\t\t\t\t\t\t\t<img decoding=\"async\" src=\"https:\/\/stage.bucle.cat\/wp-content\/uploads\/2026\/01\/expert_line.png\"\n\t\t\t\t\t\t\t\t\t alt=\"Expert Line\">\n\t\t\t\t\t\t\t<\/div>\n\t\t\t\t\t\t\n\t\t\t\t\t\t\t\t\t\t\t\t\t<div class=\"partner-showcase__description\">\n\t\t\t\t\t\t\t\tExpert Line \u00e9s una empresa espanyola especialitzada en projectes globals de construcci\u00f3 i equipament d\u2019espais interiors. Forma part del sector de la construcci\u00f3 i serveis per a interiors i treballa principalment en el territori catal\u00e0.\t\t\t\t\t\t\t<\/div>\n\t\t\t\t\t\t\t\t\t\t\t<\/div>\n\t\t\t\t\t\t\t\t\t<div class=\"partner-showcase__detail\" data-partner=\"1\" style=\"display: none;\">\n\t\t\t\t\t\t\t\t\t\t\t\t\t<div class=\"partner-showcase__logo\">\n\t\t\t\t\t\t\t\t<img decoding=\"async\" src=\"https:\/\/stage.bucle.cat\/wp-content\/uploads\/2026\/01\/offf-1.png\"\n\t\t\t\t\t\t\t\t\t alt=\"OFFF\">\n\t\t\t\t\t\t\t<\/div>\n\t\t\t\t\t\t\n\t\t\t\t\t\t\t\t\t\t\t\t\t<div class=\"partner-showcase__description\">\n\t\t\t\t\t\t\t\tOFFF \u00e9s el festival internacional d\u2019avantguarda en creativitat,<br \/>\r\nart i disseny digital que el DHub acull anualment, i que \u00e9s el<br \/>\r\npunt de trobada per als creatius m\u00e9s destacats i els talents<br \/>\r\nemergents.\t\t\t\t\t\t\t<\/div>\n\t\t\t\t\t\t\t\t\t\t\t<\/div>\n\t\t\t\t\t\t\t\t\t<div class=\"partner-showcase__detail\" data-partner=\"2\" style=\"display: none;\">\n\t\t\t\t\t\t\t\t\t\t\t\t\t<div class=\"partner-showcase__logo\">\n\t\t\t\t\t\t\t\t<img decoding=\"async\" src=\"https:\/\/stage.bucle.cat\/wp-content\/uploads\/2026\/01\/altius_media.png\"\n\t\t\t\t\t\t\t\t\t alt=\"Altius Media\">\n\t\t\t\t\t\t\t<\/div>\n\t\t\t\t\t\t\n\t\t\t\t\t\t\t\t\t\t\t\t\t<div class=\"partner-showcase__description\">\n\t\t\t\t\t\t\t\tAltius Media \u00e9s una ag\u00e8ncia de comunicaci\u00f3 i esdeveniments amb seu a Madrid (i Barcelona) que dissenya i produeix projectes integrals de m\u00e0rqueting, publicitat i esdeveniments especials.\t\t\t\t\t\t\t<\/div>\n\t\t\t\t\t\t\t\t\t\t\t<\/div>\n\t\t\t\t\t\t\t\t\t<div class=\"partner-showcase__detail\" data-partner=\"3\" style=\"display: none;\">\n\t\t\t\t\t\t\n\t\t\t\t\t\t\t\t\t\t\t\t\t<div class=\"partner-showcase__description\">\n\t\t\t\t\t\t\t\tMIRA Festival \u00e9s un festival d\u2019arts digitals i m\u00fasica contempor\u00e0nia celebrat anualment a Barcelona que uneix espectacles audiovisuals, instal\u00b7lacions immersives i m\u00fasica en directe a la intersecci\u00f3 entre art i tecnologia.\t\t\t\t\t\t\t<\/div>\n\t\t\t\t\t\t\t\t\t\t\t<\/div>\n\t\t\t\t\t\t\t<\/div>\n\t\t<\/div>\n\n\t\t<!-- Right Side -->\n\t\t<div class=\"partner-showcase__right\">\n\t\t\t<ul class=\"partner-showcase__list\">\n\t\t\t\t\t\t\t\t\t<li class=\"partner-showcase__item is-active\"\n\t\t\t\t\t\tdata-partner=\"0\">\n\t\t\t\t\t\tExpert Line\t\t\t\t\t<\/li>\n\t\t\t\t\t\t\t\t\t<li class=\"partner-showcase__item \"\n\t\t\t\t\t\tdata-partner=\"1\">\n\t\t\t\t\t\tOFFF\t\t\t\t\t<\/li>\n\t\t\t\t\t\t\t\t\t<li class=\"partner-showcase__item \"\n\t\t\t\t\t\tdata-partner=\"2\">\n\t\t\t\t\t\tAltius Media\t\t\t\t\t<\/li>\n\t\t\t\t\t\t\t\t\t<li class=\"partner-showcase__item \"\n\t\t\t\t\t\tdata-partner=\"3\">\n\t\t\t\t\t\tMIRA Festival\t\t\t\t\t<\/li>\n\t\t\t\t\t\t\t<\/ul>\n\t\t<\/div>\n\t<\/div>\n<\/div>\n<script>\n\tdocument.addEventListener('DOMContentLoaded', function() {\n\t\tconst showcase = document.getElementById('partner-showcase-block_2bf4d59550264df440eb233b36f69c63');\n\t\tif (!showcase) return;\n\n\t\tconst items = showcase.querySelectorAll('.partner-showcase__item');\n\t\tconst details = showcase.querySelectorAll('.partner-showcase__detail');\n\n\t\titems.forEach(item => {\n\t\t\titem.addEventListener('mouseenter', function() {\n\t\t\t\tconst partnerId = this.dataset.partner;\n\n\t\t\t\t\/\/ Remove active class from all items\n\t\t\t\titems.forEach(i => i.classList.remove('is-active'));\n\n\t\t\t\t\/\/ Add active class to current item\n\t\t\t\tthis.classList.add('is-active');\n\n\t\t\t\t\/\/ Hide all details\n\t\t\t\tdetails.forEach(detail => detail.style.display = 'none');\n\n\t\t\t\t\/\/ Show current detail\n\t\t\t\tconst currentDetail = showcase.querySelector(`.partner-showcase__detail[data-partner=\"${partnerId}\"]`);\n\t\t\t\tif (currentDetail) {\n\t\t\t\t\tcurrentDetail.style.display = 'block';\n\t\t\t\t}\n\t\t\t});\n\t\t});\n\t});\n<\/script>\n","protected":false},"excerpt":{"rendered":"","protected":false},"author":1,"featured_media":0,"parent":0,"menu_order":0,"comment_status":"closed","ping_status":"closed","template":"","meta":{"_acf_changed":false,"footnotes":""},"class_list":["post-126","page","type-page","status-publish","hentry"],"acf":[],"_links":{"self":[{"href":"https:\/\/stage.bucle.cat\/ca\/wp-json\/wp\/v2\/pages\/126","targetHints":{"allow":["GET"]}}],"collection":[{"href":"https:\/\/stage.bucle.cat\/ca\/wp-json\/wp\/v2\/pages"}],"about":[{"href":"https:\/\/stage.bucle.cat\/ca\/wp-json\/wp\/v2\/types\/page"}],"author":[{"embeddable":true,"href":"https:\/\/stage.bucle.cat\/ca\/wp-json\/wp\/v2\/users\/1"}],"replies":[{"embeddable":true,"href":"https:\/\/stage.bucle.cat\/ca\/wp-json\/wp\/v2\/comments?post=126"}],"version-history":[{"count":24,"href":"https:\/\/stage.bucle.cat\/ca\/wp-json\/wp\/v2\/pages\/126\/revisions"}],"predecessor-version":[{"id":289,"href":"https:\/\/stage.bucle.cat\/ca\/wp-json\/wp\/v2\/pages\/126\/revisions\/289"}],"wp:attachment":[{"href":"https:\/\/stage.bucle.cat\/ca\/wp-json\/wp\/v2\/media?parent=126"}],"curies":[{"name":"wp","href":"https:\/\/api.w.org\/{rel}","templated":true}]}}